{"id":73,"date":"2026-02-26T11:03:40","date_gmt":"2026-02-26T11:03:40","guid":{"rendered":"https:\/\/frelonix.fr\/?page_id=73"},"modified":"2026-03-23T14:38:52","modified_gmt":"2026-03-23T14:38:52","slug":"frelons-et-guepes","status":"publish","type":"page","link":"https:\/\/frelonix.fr\/index.php\/frelons-et-guepes\/","title":{"rendered":"Frelons et Gu\u00eapes"},"content":{"rendered":"\n<figure class=\"wp-block-gallery has-nested-images columns-default is-cropped wp-block-gallery-1 is-layout-flex wp-block-gallery-is-layout-flex\">\n<figure class=\"wp-block-image size-large\"><img loading=\"lazy\" decoding=\"async\" width=\"1024\" height=\"682\" data-id=\"74\" src=\"https:\/\/frelonix.fr\/wp-content\/uploads\/2026\/02\/nature-pix-vespa-crabro-3608923_1280-1024x682.jpg\" alt=\"\" class=\"wp-image-74\" srcset=\"https:\/\/frelonix.fr\/wp-content\/uploads\/2026\/02\/nature-pix-vespa-crabro-3608923_1280-1024x682.jpg 1024w, https:\/\/frelonix.fr\/wp-content\/uploads\/2026\/02\/nature-pix-vespa-crabro-3608923_1280-300x200.jpg 300w, https:\/\/frelonix.fr\/wp-content\/uploads\/2026\/02\/nature-pix-vespa-crabro-3608923_1280.jpg 1280w\" sizes=\"auto, (max-width: 1024px) 100vw, 1024px\" \/><\/figure>\n\n\n\n<figure class=\"wp-block-image size-large\"><img loading=\"lazy\" decoding=\"async\" width=\"1024\" height=\"682\" data-id=\"75\" src=\"https:\/\/frelonix.fr\/wp-content\/uploads\/2026\/02\/kwherzog-hornet-4912830_1280-1024x682.jpg\" alt=\"\" class=\"wp-image-75\" srcset=\"https:\/\/frelonix.fr\/wp-content\/uploads\/2026\/02\/kwherzog-hornet-4912830_1280-1024x682.jpg 1024w, https:\/\/frelonix.fr\/wp-content\/uploads\/2026\/02\/kwherzog-hornet-4912830_1280-300x200.jpg 300w, https:\/\/frelonix.fr\/wp-content\/uploads\/2026\/02\/kwherzog-hornet-4912830_1280.jpg 1280w\" sizes=\"auto, (max-width: 1024px) 100vw, 1024px\" \/><\/figure>\n<\/figure>\n\n\n\n<h1 class=\"wp-block-heading\">Destruction de nids de frelons et gu\u00eapes en Seine-et-Marne<\/h1>\n\n\n\n<p>Frelonix est une entreprise sp\u00e9cialis\u00e9e dans la neutralisation de frelons et des nids de gu\u00eapes en <strong>Seine-et-Marne (77) et dans les d\u00e9partements limitrophes<\/strong> (<a href=\"https:\/\/fr.wikipedia.org\/wiki\/Vespa_velutina\" target=\"_blank\" rel=\"noreferrer noopener\">frelons asiatiques<\/a>, <a href=\"https:\/\/fr.wikipedia.org\/wiki\/Vespa_crabro\" target=\"_blank\" rel=\"noreferrer noopener\">frelons europ\u00e9ens<\/a>, &#8230;)<br>Nous intervenons rapidement afin de s\u00e9curiser votre environnement, que vous soyez <strong>un particulier, une entreprise ou une collectivit\u00e9.<\/strong><\/p>\n\n\n\n<h2 class=\"wp-block-heading\">Notre mission<\/h2>\n\n\n\n<p>Nous assurons la s\u00e9curit\u00e9 et la tranquillit\u00e9 de nos clients tout en respectant l\u2019\u00e9quilibre de l\u2019environnement.<br>Nous sommes form\u00e9s et certifi\u00e9s Certibiocide, garantissant des interventions conformes \u00e0 la r\u00e9glementation et r\u00e9alis\u00e9es avec des produits adapt\u00e9s.<\/p>\n\n\n\n<div class=\"wp-block-columns is-layout-flex wp-container-core-columns-is-layout-28f84493 wp-block-columns-is-layout-flex\">\n<div class=\"wp-block-column is-vertically-aligned-center is-layout-flow wp-block-column-is-layout-flow\">\n<h2 class=\"wp-block-heading\">Notre m\u00e9thode d\u2019intervention<\/h2>\n\n\n\n<p>Nous proc\u00e9dons selon un protocole pr\u00e9cis afin de garantir efficacit\u00e9 et s\u00e9curit\u00e9 :<\/p>\n\n\n\n<p>\u2022 Identification du nid et analyse de son accessibilit\u00e9<br>\u2022 \u00c9valuation du niveau de risque et du volume de la colonie<br>\u2022 Traitement cibl\u00e9 avec un insecticide professionnel<br>\u2022 Retrait du nid lorsque cela est n\u00e9cessaire (option selon configuration)<\/p>\n<\/div>\n\n\n\n<div class=\"wp-block-column is-layout-flow wp-block-column-is-layout-flow\">\n<figure class=\"wp-block-gallery has-nested-images columns-default is-cropped wp-block-gallery-2 is-layout-flex wp-block-gallery-is-layout-flex\">\n<figure class=\"wp-block-image size-large\"><img loading=\"lazy\" decoding=\"async\" width=\"1417\" height=\"797\" data-id=\"83\" src=\"https:\/\/frelonix.fr\/wp-content\/uploads\/2026\/02\/frelon_frelonix-2-edited.jpg\" alt=\"\" class=\"wp-image-83\" srcset=\"https:\/\/frelonix.fr\/wp-content\/uploads\/2026\/02\/frelon_frelonix-2-edited.jpg 1417w, https:\/\/frelonix.fr\/wp-content\/uploads\/2026\/02\/frelon_frelonix-2-edited-300x169.jpg 300w, https:\/\/frelonix.fr\/wp-content\/uploads\/2026\/02\/frelon_frelonix-2-edited-1024x576.jpg 1024w\" sizes=\"auto, (max-width: 1417px) 100vw, 1417px\" \/><\/figure>\n<\/figure>\n<\/div>\n<\/div>\n\n\n\n<h2 class=\"wp-block-heading\">Quand faut-il intervenir<\/h2>\n\n\n\n<p><strong>La p\u00e9riode la plus sensible s\u2019\u00e9tend du printemps \u00e0 la fin de l\u2019automne.<br><\/strong>D\u00e8s le mois de mars, les reines commencent \u00e0 former les colonies. <br>En \u00e9t\u00e9, un nid peut compter plusieurs centaines d\u2019individus.<\/p>\n\n\n\n<p>Plus l\u2019intervention est pr\u00e9coce, plus elle est simple, rapide et s\u00e9curis\u00e9e.<br>Nous recommandons de faire appel \u00e0 nos services d\u00e8s l\u2019apparition d\u2019un nid, <strong>m\u00eame de petite taille.<\/strong><\/p>\n\n\n\n<hr class=\"wp-block-separator has-alpha-channel-opacity is-style-wide\"\/>\n\n\n\n<h2 class=\"wp-block-heading\">Nos tarifs :<\/h2>\n\n\n\n<div class=\"wp-block-columns is-layout-flex wp-container-core-columns-is-layout-28f84493 wp-block-columns-is-layout-flex\">\n<div class=\"wp-block-column is-layout-flow wp-block-column-is-layout-flow\">\n<figure class=\"wp-block-image aligncenter size-large is-resized\"><img loading=\"lazy\" decoding=\"async\" width=\"850\" height=\"850\" src=\"https:\/\/frelonix.fr\/wp-content\/uploads\/2026\/02\/guepe_dessin.jpg\" alt=\"guepe frelonix\" class=\"wp-image-144\" style=\"width:146px;height:auto\" srcset=\"https:\/\/frelonix.fr\/wp-content\/uploads\/2026\/02\/guepe_dessin.jpg 850w, https:\/\/frelonix.fr\/wp-content\/uploads\/2026\/02\/guepe_dessin-300x300.jpg 300w, https:\/\/frelonix.fr\/wp-content\/uploads\/2026\/02\/guepe_dessin-150x150.jpg 150w\" sizes=\"auto, (max-width: 850px) 100vw, 850px\" \/><\/figure>\n\n\n\n<h3 class=\"wp-block-heading has-text-align-center\">\u00e0 partir de <strong>80\u20ac<\/strong> pour les nids de gu\u00eapes<\/h3>\n<\/div>\n\n\n\n<div class=\"wp-block-column is-layout-flow wp-block-column-is-layout-flow\">\n<figure class=\"wp-block-image aligncenter size-full is-resized\"><img loading=\"lazy\" decoding=\"async\" width=\"850\" height=\"850\" src=\"https:\/\/frelonix.fr\/wp-content\/uploads\/2026\/02\/frelon_dessin.jpg\" alt=\"\" class=\"wp-image-145\" style=\"width:146px;height:auto\" srcset=\"https:\/\/frelonix.fr\/wp-content\/uploads\/2026\/02\/frelon_dessin.jpg 850w, https:\/\/frelonix.fr\/wp-content\/uploads\/2026\/02\/frelon_dessin-300x300.jpg 300w, https:\/\/frelonix.fr\/wp-content\/uploads\/2026\/02\/frelon_dessin-150x150.jpg 150w\" sizes=\"auto, (max-width: 850px) 100vw, 850px\" \/><\/figure>\n\n\n\n<h3 class=\"wp-block-heading has-text-align-center\">\u00e0 partir de <strong>100\u20ac<\/strong> pour les nids de frelons<\/h3>\n<\/div>\n<\/div>\n\n\n\n<p class=\"has-text-align-center\"><em>Le tarif d\u00e9pend de plusieurs crit\u00e8res : hauteur, accessibilit\u00e9, taille du nid et niveau de danger.<br>Un devis clair est syst\u00e9matiquement \u00e9tabli avant intervention.<\/em><\/p>\n\n\n\n<hr class=\"wp-block-separator has-alpha-channel-opacity is-style-wide\"\/>\n\n\n\n<div class=\"wp-block-columns is-layout-flex wp-container-core-columns-is-layout-28f84493 wp-block-columns-is-layout-flex\">\n<div class=\"wp-block-column is-layout-flow wp-block-column-is-layout-flow\">\n<h2 class=\"wp-block-heading\">Garantie<\/h2>\n\n\n\n<p>Les nids trait\u00e9s par nos soins b\u00e9n\u00e9ficient d\u2019une garantie d\u2019intervention d\u2019un an.<\/p>\n<\/div>\n\n\n\n<div class=\"wp-block-column is-layout-flow wp-block-column-is-layout-flow\">\n<h2 class=\"wp-block-heading\">Zone d\u2019intervention<\/h2>\n\n\n\n<p>Nous intervenons en Seine-et-Marne (77) ainsi que dans les d\u00e9partements limitrophes avec des d\u00e9lais rapides.<\/p>\n<\/div>\n<\/div>\n\n\n\n<hr class=\"wp-block-separator has-alpha-channel-opacity is-style-wide\"\/>\n\n\n\n<p>Le frelon asiatique est une esp\u00e8ce class\u00e9e invasive, dont <a href=\"https:\/\/agriculture.gouv.fr\/le-frelon-asiatique-quelle-reglementation\" type=\"link\" id=\"https:\/\/agriculture.gouv.fr\/le-frelon-asiatique-quelle-reglementation\" target=\"_blank\" rel=\"noreferrer noopener\">la r\u00e9glementation<\/a> est d\u00e9finie par les autorit\u00e9s publiques.<\/p>\n\n\n\n<p><\/p>\n","protected":false},"excerpt":{"rendered":"<p>Destruction de nids de frelons et gu\u00eapes en Seine-et-Marne Frelonix est une entreprise sp\u00e9cialis\u00e9e dans la neutralisation de frelons et des nids de gu\u00eapes en Seine-et-Marne (77) et dans les d\u00e9partements limitrophes (frelons asiatiques, frelons europ\u00e9ens, &#8230;)Nous intervenons rapidement afin de s\u00e9curiser votre environnement, que vous soyez un particulier, une entreprise ou une collectivit\u00e9. Notre &hellip; <\/p>\n<p class=\"link-more\"><a href=\"https:\/\/frelonix.fr\/index.php\/frelons-et-guepes\/\" class=\"more-link\">Lire la suite de<span class=\"screen-reader-text\">\u00ab\u00a0Frelons et Gu\u00eapes\u00a0\u00bb<\/span><\/a><\/p>\n","protected":false},"author":1,"featured_media":0,"parent":0,"menu_order":0,"comment_status":"closed","ping_status":"closed","template":"","meta":{"inspiro_hide_title":false,"footnotes":""},"class_list":["post-73","page","type-page","status-publish","hentry"],"yoast_head":"<!-- This site is optimized with the Yoast SEO plugin v27.3 - https:\/\/yoast.com\/product\/yoast-seo-wordpress\/ -->\n<title>Destruction frelons et gu\u00eapes | Identification et dangers<\/title>\n<meta name=\"description\" content=\"Destruction frelons et gu\u00eapes : reconna\u00eetre ces insectes, comprendre les risques et savoir quand faire intervenir un professionnel\" \/>\n<meta name=\"robots\" content=\"index, follow, max-snippet:-1, max-image-preview:large, max-video-preview:-1\" \/>\n<link rel=\"canonical\" href=\"https:\/\/frelonix.fr\/index.php\/frelons-et-guepes\/\" \/>\n<meta property=\"og:locale\" content=\"fr_FR\" \/>\n<meta property=\"og:type\" content=\"article\" \/>\n<meta property=\"og:title\" content=\"Destruction frelons et gu\u00eapes | Identification et dangers\" \/>\n<meta property=\"og:description\" content=\"Destruction frelons et gu\u00eapes : reconna\u00eetre ces insectes, comprendre les risques et savoir quand faire intervenir un professionnel\" \/>\n<meta property=\"og:url\" content=\"https:\/\/frelonix.fr\/index.php\/frelons-et-guepes\/\" \/>\n<meta property=\"og:site_name\" content=\"frelonix.fr\" \/>\n<meta property=\"article:publisher\" content=\"https:\/\/www.facebook.com\/profile.php?id=61580844692906\" \/>\n<meta property=\"article:modified_time\" content=\"2026-03-23T14:38:52+00:00\" \/>\n<meta property=\"og:image\" content=\"https:\/\/frelonix.fr\/wp-content\/uploads\/2026\/02\/nature-pix-vespa-crabro-3608923_1280.jpg\" \/>\n\t<meta property=\"og:image:width\" content=\"1280\" \/>\n\t<meta property=\"og:image:height\" content=\"853\" \/>\n\t<meta property=\"og:image:type\" content=\"image\/jpeg\" \/>\n<meta name=\"twitter:card\" content=\"summary_large_image\" \/>\n<meta name=\"twitter:label1\" content=\"Dur\u00e9e de lecture estim\u00e9e\" \/>\n\t<meta name=\"twitter:data1\" content=\"3 minutes\" \/>\n<script type=\"application\/ld+json\" class=\"yoast-schema-graph\">{\"@context\":\"https:\\\/\\\/schema.org\",\"@graph\":[{\"@type\":\"WebPage\",\"@id\":\"https:\\\/\\\/frelonix.fr\\\/index.php\\\/frelons-et-guepes\\\/\",\"url\":\"https:\\\/\\\/frelonix.fr\\\/index.php\\\/frelons-et-guepes\\\/\",\"name\":\"Destruction frelons et gu\u00eapes | Identification et dangers\",\"isPartOf\":{\"@id\":\"https:\\\/\\\/frelonix.fr\\\/#website\"},\"primaryImageOfPage\":{\"@id\":\"https:\\\/\\\/frelonix.fr\\\/index.php\\\/frelons-et-guepes\\\/#primaryimage\"},\"image\":{\"@id\":\"https:\\\/\\\/frelonix.fr\\\/index.php\\\/frelons-et-guepes\\\/#primaryimage\"},\"thumbnailUrl\":\"https:\\\/\\\/frelonix.fr\\\/wp-content\\\/uploads\\\/2026\\\/02\\\/nature-pix-vespa-crabro-3608923_1280-1024x682.jpg\",\"datePublished\":\"2026-02-26T11:03:40+00:00\",\"dateModified\":\"2026-03-23T14:38:52+00:00\",\"description\":\"Destruction frelons et gu\u00eapes : reconna\u00eetre ces insectes, comprendre les risques et savoir quand faire intervenir un professionnel\",\"breadcrumb\":{\"@id\":\"https:\\\/\\\/frelonix.fr\\\/index.php\\\/frelons-et-guepes\\\/#breadcrumb\"},\"inLanguage\":\"fr-FR\",\"potentialAction\":[{\"@type\":\"ReadAction\",\"target\":[\"https:\\\/\\\/frelonix.fr\\\/index.php\\\/frelons-et-guepes\\\/\"]}]},{\"@type\":\"ImageObject\",\"inLanguage\":\"fr-FR\",\"@id\":\"https:\\\/\\\/frelonix.fr\\\/index.php\\\/frelons-et-guepes\\\/#primaryimage\",\"url\":\"https:\\\/\\\/frelonix.fr\\\/wp-content\\\/uploads\\\/2026\\\/02\\\/nature-pix-vespa-crabro-3608923_1280.jpg\",\"contentUrl\":\"https:\\\/\\\/frelonix.fr\\\/wp-content\\\/uploads\\\/2026\\\/02\\\/nature-pix-vespa-crabro-3608923_1280.jpg\",\"width\":1280,\"height\":853},{\"@type\":\"BreadcrumbList\",\"@id\":\"https:\\\/\\\/frelonix.fr\\\/index.php\\\/frelons-et-guepes\\\/#breadcrumb\",\"itemListElement\":[{\"@type\":\"ListItem\",\"position\":1,\"name\":\"Accueil\",\"item\":\"https:\\\/\\\/frelonix.fr\\\/\"},{\"@type\":\"ListItem\",\"position\":2,\"name\":\"Frelons et Gu\u00eapes\"}]},{\"@type\":\"WebSite\",\"@id\":\"https:\\\/\\\/frelonix.fr\\\/#website\",\"url\":\"https:\\\/\\\/frelonix.fr\\\/\",\"name\":\"frelonix.fr\",\"description\":\"La solution qui fait mouche\",\"publisher\":{\"@id\":\"https:\\\/\\\/frelonix.fr\\\/#organization\"},\"potentialAction\":[{\"@type\":\"SearchAction\",\"target\":{\"@type\":\"EntryPoint\",\"urlTemplate\":\"https:\\\/\\\/frelonix.fr\\\/?s={search_term_string}\"},\"query-input\":{\"@type\":\"PropertyValueSpecification\",\"valueRequired\":true,\"valueName\":\"search_term_string\"}}],\"inLanguage\":\"fr-FR\"},{\"@type\":\"Organization\",\"@id\":\"https:\\\/\\\/frelonix.fr\\\/#organization\",\"name\":\"frelonix.fr\",\"url\":\"https:\\\/\\\/frelonix.fr\\\/\",\"logo\":{\"@type\":\"ImageObject\",\"inLanguage\":\"fr-FR\",\"@id\":\"https:\\\/\\\/frelonix.fr\\\/#\\\/schema\\\/logo\\\/image\\\/\",\"url\":\"https:\\\/\\\/frelonix.fr\\\/wp-content\\\/uploads\\\/2026\\\/02\\\/cropped-cropped-Frelonix_lettrage_detoure-scaled-1.png\",\"contentUrl\":\"https:\\\/\\\/frelonix.fr\\\/wp-content\\\/uploads\\\/2026\\\/02\\\/cropped-cropped-Frelonix_lettrage_detoure-scaled-1.png\",\"width\":2558,\"height\":836,\"caption\":\"frelonix.fr\"},\"image\":{\"@id\":\"https:\\\/\\\/frelonix.fr\\\/#\\\/schema\\\/logo\\\/image\\\/\"},\"sameAs\":[\"https:\\\/\\\/www.facebook.com\\\/profile.php?id=61580844692906\"]}]}<\/script>\n<!-- \/ Yoast SEO plugin. -->","yoast_head_json":{"title":"Destruction frelons et gu\u00eapes | Identification et dangers","description":"Destruction frelons et gu\u00eapes : reconna\u00eetre ces insectes, comprendre les risques et savoir quand faire intervenir un professionnel","robots":{"index":"index","follow":"follow","max-snippet":"max-snippet:-1","max-image-preview":"max-image-preview:large","max-video-preview":"max-video-preview:-1"},"canonical":"https:\/\/frelonix.fr\/index.php\/frelons-et-guepes\/","og_locale":"fr_FR","og_type":"article","og_title":"Destruction frelons et gu\u00eapes | Identification et dangers","og_description":"Destruction frelons et gu\u00eapes : reconna\u00eetre ces insectes, comprendre les risques et savoir quand faire intervenir un professionnel","og_url":"https:\/\/frelonix.fr\/index.php\/frelons-et-guepes\/","og_site_name":"frelonix.fr","article_publisher":"https:\/\/www.facebook.com\/profile.php?id=61580844692906","article_modified_time":"2026-03-23T14:38:52+00:00","og_image":[{"width":1280,"height":853,"url":"https:\/\/frelonix.fr\/wp-content\/uploads\/2026\/02\/nature-pix-vespa-crabro-3608923_1280.jpg","type":"image\/jpeg"}],"twitter_card":"summary_large_image","twitter_misc":{"Dur\u00e9e de lecture estim\u00e9e":"3 minutes"},"schema":{"@context":"https:\/\/schema.org","@graph":[{"@type":"WebPage","@id":"https:\/\/frelonix.fr\/index.php\/frelons-et-guepes\/","url":"https:\/\/frelonix.fr\/index.php\/frelons-et-guepes\/","name":"Destruction frelons et gu\u00eapes | Identification et dangers","isPartOf":{"@id":"https:\/\/frelonix.fr\/#website"},"primaryImageOfPage":{"@id":"https:\/\/frelonix.fr\/index.php\/frelons-et-guepes\/#primaryimage"},"image":{"@id":"https:\/\/frelonix.fr\/index.php\/frelons-et-guepes\/#primaryimage"},"thumbnailUrl":"https:\/\/frelonix.fr\/wp-content\/uploads\/2026\/02\/nature-pix-vespa-crabro-3608923_1280-1024x682.jpg","datePublished":"2026-02-26T11:03:40+00:00","dateModified":"2026-03-23T14:38:52+00:00","description":"Destruction frelons et gu\u00eapes : reconna\u00eetre ces insectes, comprendre les risques et savoir quand faire intervenir un professionnel","breadcrumb":{"@id":"https:\/\/frelonix.fr\/index.php\/frelons-et-guepes\/#breadcrumb"},"inLanguage":"fr-FR","potentialAction":[{"@type":"ReadAction","target":["https:\/\/frelonix.fr\/index.php\/frelons-et-guepes\/"]}]},{"@type":"ImageObject","inLanguage":"fr-FR","@id":"https:\/\/frelonix.fr\/index.php\/frelons-et-guepes\/#primaryimage","url":"https:\/\/frelonix.fr\/wp-content\/uploads\/2026\/02\/nature-pix-vespa-crabro-3608923_1280.jpg","contentUrl":"https:\/\/frelonix.fr\/wp-content\/uploads\/2026\/02\/nature-pix-vespa-crabro-3608923_1280.jpg","width":1280,"height":853},{"@type":"BreadcrumbList","@id":"https:\/\/frelonix.fr\/index.php\/frelons-et-guepes\/#breadcrumb","itemListElement":[{"@type":"ListItem","position":1,"name":"Accueil","item":"https:\/\/frelonix.fr\/"},{"@type":"ListItem","position":2,"name":"Frelons et Gu\u00eapes"}]},{"@type":"WebSite","@id":"https:\/\/frelonix.fr\/#website","url":"https:\/\/frelonix.fr\/","name":"frelonix.fr","description":"La solution qui fait mouche","publisher":{"@id":"https:\/\/frelonix.fr\/#organization"},"potentialAction":[{"@type":"SearchAction","target":{"@type":"EntryPoint","urlTemplate":"https:\/\/frelonix.fr\/?s={search_term_string}"},"query-input":{"@type":"PropertyValueSpecification","valueRequired":true,"valueName":"search_term_string"}}],"inLanguage":"fr-FR"},{"@type":"Organization","@id":"https:\/\/frelonix.fr\/#organization","name":"frelonix.fr","url":"https:\/\/frelonix.fr\/","logo":{"@type":"ImageObject","inLanguage":"fr-FR","@id":"https:\/\/frelonix.fr\/#\/schema\/logo\/image\/","url":"https:\/\/frelonix.fr\/wp-content\/uploads\/2026\/02\/cropped-cropped-Frelonix_lettrage_detoure-scaled-1.png","contentUrl":"https:\/\/frelonix.fr\/wp-content\/uploads\/2026\/02\/cropped-cropped-Frelonix_lettrage_detoure-scaled-1.png","width":2558,"height":836,"caption":"frelonix.fr"},"image":{"@id":"https:\/\/frelonix.fr\/#\/schema\/logo\/image\/"},"sameAs":["https:\/\/www.facebook.com\/profile.php?id=61580844692906"]}]}},"_links":{"self":[{"href":"https:\/\/frelonix.fr\/index.php\/wp-json\/wp\/v2\/pages\/73","targetHints":{"allow":["GET"]}}],"collection":[{"href":"https:\/\/frelonix.fr\/index.php\/wp-json\/wp\/v2\/pages"}],"about":[{"href":"https:\/\/frelonix.fr\/index.php\/wp-json\/wp\/v2\/types\/page"}],"author":[{"embeddable":true,"href":"https:\/\/frelonix.fr\/index.php\/wp-json\/wp\/v2\/users\/1"}],"replies":[{"embeddable":true,"href":"https:\/\/frelonix.fr\/index.php\/wp-json\/wp\/v2\/comments?post=73"}],"version-history":[{"count":14,"href":"https:\/\/frelonix.fr\/index.php\/wp-json\/wp\/v2\/pages\/73\/revisions"}],"predecessor-version":[{"id":263,"href":"https:\/\/frelonix.fr\/index.php\/wp-json\/wp\/v2\/pages\/73\/revisions\/263"}],"wp:attachment":[{"href":"https:\/\/frelonix.fr\/index.php\/wp-json\/wp\/v2\/media?parent=73"}],"curies":[{"name":"wp","href":"https:\/\/api.w.org\/{rel}","templated":true}]}}