{"id":185,"date":"2026-02-27T14:56:28","date_gmt":"2026-02-27T14:56:28","guid":{"rendered":"https:\/\/frelonix.fr\/?page_id=185"},"modified":"2026-03-23T14:11:01","modified_gmt":"2026-03-23T14:11:01","slug":"contact","status":"publish","type":"page","link":"https:\/\/frelonix.fr\/index.php\/contact\/","title":{"rendered":"Contact"},"content":{"rendered":"\n<p class=\"has-text-align-center\">Nous restons \u00e0 votre disposition pour toute demande d\u2019intervention, de renseignement ou de devis concernant les frelons, gu\u00eapes et chenilles processionnaires.<br>Nous intervenons en Seine-et-Marne (77) et dans les d\u00e9partements limitrophes avec r\u00e9activit\u00e9.<br>Merci de pr\u00e9ciser le type de nuisible, la localisation et le niveau d\u2019urgence afin de faciliter le traitement de votre demande.<\/p>\n\n\n\n<h2 class=\"wp-block-heading has-text-align-center\"><br>06 09 07 72 14<br><a href=\"mailto:contact@frelonix.fr\">contact@frelonix.fr<\/a><\/h2>\n\n\n\n<div class=\"wpcf7 no-js\" id=\"wpcf7-f184-o1\" lang=\"fr-FR\" dir=\"ltr\" data-wpcf7-id=\"184\">\n<div class=\"screen-reader-response\"><p role=\"status\" aria-live=\"polite\" aria-atomic=\"true\"><\/p> <ul><\/ul><\/div>\n<form action=\"\/index.php\/wp-json\/wp\/v2\/pages\/185#wpcf7-f184-o1\" method=\"post\" class=\"wpcf7-form init\" aria-label=\"Formulaire de contact\" novalidate=\"novalidate\" data-status=\"init\">\n<fieldset class=\"hidden-fields-container\"><input type=\"hidden\" name=\"_wpcf7\" value=\"184\" \/><input type=\"hidden\" name=\"_wpcf7_version\" value=\"6.1.5\" \/><input type=\"hidden\" name=\"_wpcf7_locale\" value=\"fr_FR\" \/><input type=\"hidden\" name=\"_wpcf7_unit_tag\" value=\"wpcf7-f184-o1\" \/><input type=\"hidden\" name=\"_wpcf7_container_post\" value=\"0\" \/><input type=\"hidden\" name=\"_wpcf7_posted_data_hash\" value=\"\" \/>\n<\/fieldset>\n<p><label> Votre nom<br \/>\n<span class=\"wpcf7-form-control-wrap\" data-name=\"your-name\"><input size=\"40\" maxlength=\"400\" class=\"wpcf7-form-control wpcf7-text wpcf7-validates-as-required\" autocomplete=\"name\" aria-required=\"true\" aria-invalid=\"false\" value=\"\" type=\"text\" name=\"your-name\" \/><\/span> <\/label>\n<\/p>\n<p><label> Votre e-mail<br \/>\n<span class=\"wpcf7-form-control-wrap\" data-name=\"your-email\"><input size=\"40\" maxlength=\"400\" class=\"wpcf7-form-control wpcf7-email wpcf7-validates-as-required wpcf7-text wpcf7-validates-as-email\" autocomplete=\"email\" aria-required=\"true\" aria-invalid=\"false\" value=\"\" type=\"email\" name=\"your-email\" \/><\/span> <\/label>\n<\/p>\n<p><label> Objet<br \/>\n<span class=\"wpcf7-form-control-wrap\" data-name=\"your-subject\"><input size=\"40\" maxlength=\"400\" class=\"wpcf7-form-control wpcf7-text wpcf7-validates-as-required\" aria-required=\"true\" aria-invalid=\"false\" value=\"\" type=\"text\" name=\"your-subject\" \/><\/span> <\/label>\n<\/p>\n<p><label> Votre message<br \/>\n<span class=\"wpcf7-form-control-wrap\" data-name=\"your-message\"><textarea cols=\"40\" rows=\"10\" maxlength=\"2000\" class=\"wpcf7-form-control wpcf7-textarea\" aria-invalid=\"false\" name=\"your-message\"><\/textarea><\/span> <\/label>\n<\/p>\n<p><input class=\"wpcf7-form-control wpcf7-submit has-spinner\" type=\"submit\" value=\"Envoyer\" \/>\n<\/p><div class=\"wpcf7-response-output\" aria-hidden=\"true\"><\/div>\n<\/form>\n<\/div>\n\n\n\n\n<p><em>Les informations transmises sont utilis\u00e9es uniquement pour r\u00e9pondre \u00e0 votre demande et ne sont jamais partag\u00e9es avec des tiers.<\/em><\/p>\n\n\n\n<p><\/p>\n","protected":false},"excerpt":{"rendered":"<p>Nous restons \u00e0 votre disposition pour toute demande d\u2019intervention, de renseignement ou de devis concernant les frelons, gu\u00eapes et chenilles processionnaires.Nous intervenons en Seine-et-Marne (77) et dans les d\u00e9partements limitrophes avec r\u00e9activit\u00e9.Merci de pr\u00e9ciser le type de nuisible, la localisation et le niveau d\u2019urgence afin de faciliter le traitement de votre demande. 06 09 07 &hellip; <\/p>\n<p class=\"link-more\"><a href=\"https:\/\/frelonix.fr\/index.php\/contact\/\" class=\"more-link\">Lire la suite de<span class=\"screen-reader-text\">\u00ab\u00a0Contact\u00a0\u00bb<\/span><\/a><\/p>\n","protected":false},"author":1,"featured_media":0,"parent":0,"menu_order":0,"comment_status":"closed","ping_status":"closed","template":"","meta":{"inspiro_hide_title":false,"footnotes":""},"class_list":["post-185","page","type-page","status-publish","hentry"],"yoast_head":"<!-- This site is optimized with the Yoast SEO plugin v27.3 - https:\/\/yoast.com\/product\/yoast-seo-wordpress\/ -->\n<title>Contact - frelonix.fr<\/title>\n<meta name=\"robots\" content=\"index, follow, max-snippet:-1, max-image-preview:large, max-video-preview:-1\" \/>\n<link rel=\"canonical\" href=\"https:\/\/frelonix.fr\/index.php\/contact\/\" \/>\n<meta property=\"og:locale\" content=\"fr_FR\" \/>\n<meta property=\"og:type\" content=\"article\" \/>\n<meta property=\"og:title\" content=\"Contact - frelonix.fr\" \/>\n<meta property=\"og:description\" content=\"Nous restons \u00e0 votre disposition pour toute demande d\u2019intervention, de renseignement ou de devis concernant les frelons, gu\u00eapes et chenilles processionnaires.Nous intervenons en Seine-et-Marne (77) et dans les d\u00e9partements limitrophes avec r\u00e9activit\u00e9.Merci de pr\u00e9ciser le type de nuisible, la localisation et le niveau d\u2019urgence afin de faciliter le traitement de votre demande. 06 09 07 &hellip; Lire la suite de\u00ab\u00a0Contact\u00a0\u00bb\" \/>\n<meta property=\"og:url\" content=\"https:\/\/frelonix.fr\/index.php\/contact\/\" \/>\n<meta property=\"og:site_name\" content=\"frelonix.fr\" \/>\n<meta property=\"article:publisher\" content=\"https:\/\/www.facebook.com\/profile.php?id=61580844692906\" \/>\n<meta property=\"article:modified_time\" content=\"2026-03-23T14:11:01+00:00\" \/>\n<meta name=\"twitter:card\" content=\"summary_large_image\" \/>\n<meta name=\"twitter:label1\" content=\"Dur\u00e9e de lecture estim\u00e9e\" \/>\n\t<meta name=\"twitter:data1\" content=\"1 minute\" \/>\n<script type=\"application\/ld+json\" class=\"yoast-schema-graph\">{\"@context\":\"https:\\\/\\\/schema.org\",\"@graph\":[{\"@type\":\"WebPage\",\"@id\":\"https:\\\/\\\/frelonix.fr\\\/index.php\\\/contact\\\/\",\"url\":\"https:\\\/\\\/frelonix.fr\\\/index.php\\\/contact\\\/\",\"name\":\"Contact - frelonix.fr\",\"isPartOf\":{\"@id\":\"https:\\\/\\\/frelonix.fr\\\/#website\"},\"datePublished\":\"2026-02-27T14:56:28+00:00\",\"dateModified\":\"2026-03-23T14:11:01+00:00\",\"breadcrumb\":{\"@id\":\"https:\\\/\\\/frelonix.fr\\\/index.php\\\/contact\\\/#breadcrumb\"},\"inLanguage\":\"fr-FR\",\"potentialAction\":[{\"@type\":\"ReadAction\",\"target\":[\"https:\\\/\\\/frelonix.fr\\\/index.php\\\/contact\\\/\"]}]},{\"@type\":\"BreadcrumbList\",\"@id\":\"https:\\\/\\\/frelonix.fr\\\/index.php\\\/contact\\\/#breadcrumb\",\"itemListElement\":[{\"@type\":\"ListItem\",\"position\":1,\"name\":\"Accueil\",\"item\":\"https:\\\/\\\/frelonix.fr\\\/\"},{\"@type\":\"ListItem\",\"position\":2,\"name\":\"Contact\"}]},{\"@type\":\"WebSite\",\"@id\":\"https:\\\/\\\/frelonix.fr\\\/#website\",\"url\":\"https:\\\/\\\/frelonix.fr\\\/\",\"name\":\"frelonix.fr\",\"description\":\"La solution qui fait mouche\",\"publisher\":{\"@id\":\"https:\\\/\\\/frelonix.fr\\\/#organization\"},\"potentialAction\":[{\"@type\":\"SearchAction\",\"target\":{\"@type\":\"EntryPoint\",\"urlTemplate\":\"https:\\\/\\\/frelonix.fr\\\/?s={search_term_string}\"},\"query-input\":{\"@type\":\"PropertyValueSpecification\",\"valueRequired\":true,\"valueName\":\"search_term_string\"}}],\"inLanguage\":\"fr-FR\"},{\"@type\":\"Organization\",\"@id\":\"https:\\\/\\\/frelonix.fr\\\/#organization\",\"name\":\"frelonix.fr\",\"url\":\"https:\\\/\\\/frelonix.fr\\\/\",\"logo\":{\"@type\":\"ImageObject\",\"inLanguage\":\"fr-FR\",\"@id\":\"https:\\\/\\\/frelonix.fr\\\/#\\\/schema\\\/logo\\\/image\\\/\",\"url\":\"https:\\\/\\\/frelonix.fr\\\/wp-content\\\/uploads\\\/2026\\\/02\\\/cropped-cropped-Frelonix_lettrage_detoure-scaled-1.png\",\"contentUrl\":\"https:\\\/\\\/frelonix.fr\\\/wp-content\\\/uploads\\\/2026\\\/02\\\/cropped-cropped-Frelonix_lettrage_detoure-scaled-1.png\",\"width\":2558,\"height\":836,\"caption\":\"frelonix.fr\"},\"image\":{\"@id\":\"https:\\\/\\\/frelonix.fr\\\/#\\\/schema\\\/logo\\\/image\\\/\"},\"sameAs\":[\"https:\\\/\\\/www.facebook.com\\\/profile.php?id=61580844692906\"]}]}<\/script>\n<!-- \/ Yoast SEO plugin. -->","yoast_head_json":{"title":"Contact - frelonix.fr","robots":{"index":"index","follow":"follow","max-snippet":"max-snippet:-1","max-image-preview":"max-image-preview:large","max-video-preview":"max-video-preview:-1"},"canonical":"https:\/\/frelonix.fr\/index.php\/contact\/","og_locale":"fr_FR","og_type":"article","og_title":"Contact - frelonix.fr","og_description":"Nous restons \u00e0 votre disposition pour toute demande d\u2019intervention, de renseignement ou de devis concernant les frelons, gu\u00eapes et chenilles processionnaires.Nous intervenons en Seine-et-Marne (77) et dans les d\u00e9partements limitrophes avec r\u00e9activit\u00e9.Merci de pr\u00e9ciser le type de nuisible, la localisation et le niveau d\u2019urgence afin de faciliter le traitement de votre demande. 06 09 07 &hellip; Lire la suite de\u00ab\u00a0Contact\u00a0\u00bb","og_url":"https:\/\/frelonix.fr\/index.php\/contact\/","og_site_name":"frelonix.fr","article_publisher":"https:\/\/www.facebook.com\/profile.php?id=61580844692906","article_modified_time":"2026-03-23T14:11:01+00:00","twitter_card":"summary_large_image","twitter_misc":{"Dur\u00e9e de lecture estim\u00e9e":"1 minute"},"schema":{"@context":"https:\/\/schema.org","@graph":[{"@type":"WebPage","@id":"https:\/\/frelonix.fr\/index.php\/contact\/","url":"https:\/\/frelonix.fr\/index.php\/contact\/","name":"Contact - frelonix.fr","isPartOf":{"@id":"https:\/\/frelonix.fr\/#website"},"datePublished":"2026-02-27T14:56:28+00:00","dateModified":"2026-03-23T14:11:01+00:00","breadcrumb":{"@id":"https:\/\/frelonix.fr\/index.php\/contact\/#breadcrumb"},"inLanguage":"fr-FR","potentialAction":[{"@type":"ReadAction","target":["https:\/\/frelonix.fr\/index.php\/contact\/"]}]},{"@type":"BreadcrumbList","@id":"https:\/\/frelonix.fr\/index.php\/contact\/#breadcrumb","itemListElement":[{"@type":"ListItem","position":1,"name":"Accueil","item":"https:\/\/frelonix.fr\/"},{"@type":"ListItem","position":2,"name":"Contact"}]},{"@type":"WebSite","@id":"https:\/\/frelonix.fr\/#website","url":"https:\/\/frelonix.fr\/","name":"frelonix.fr","description":"La solution qui fait mouche","publisher":{"@id":"https:\/\/frelonix.fr\/#organization"},"potentialAction":[{"@type":"SearchAction","target":{"@type":"EntryPoint","urlTemplate":"https:\/\/frelonix.fr\/?s={search_term_string}"},"query-input":{"@type":"PropertyValueSpecification","valueRequired":true,"valueName":"search_term_string"}}],"inLanguage":"fr-FR"},{"@type":"Organization","@id":"https:\/\/frelonix.fr\/#organization","name":"frelonix.fr","url":"https:\/\/frelonix.fr\/","logo":{"@type":"ImageObject","inLanguage":"fr-FR","@id":"https:\/\/frelonix.fr\/#\/schema\/logo\/image\/","url":"https:\/\/frelonix.fr\/wp-content\/uploads\/2026\/02\/cropped-cropped-Frelonix_lettrage_detoure-scaled-1.png","contentUrl":"https:\/\/frelonix.fr\/wp-content\/uploads\/2026\/02\/cropped-cropped-Frelonix_lettrage_detoure-scaled-1.png","width":2558,"height":836,"caption":"frelonix.fr"},"image":{"@id":"https:\/\/frelonix.fr\/#\/schema\/logo\/image\/"},"sameAs":["https:\/\/www.facebook.com\/profile.php?id=61580844692906"]}]}},"_links":{"self":[{"href":"https:\/\/frelonix.fr\/index.php\/wp-json\/wp\/v2\/pages\/185","targetHints":{"allow":["GET"]}}],"collection":[{"href":"https:\/\/frelonix.fr\/index.php\/wp-json\/wp\/v2\/pages"}],"about":[{"href":"https:\/\/frelonix.fr\/index.php\/wp-json\/wp\/v2\/types\/page"}],"author":[{"embeddable":true,"href":"https:\/\/frelonix.fr\/index.php\/wp-json\/wp\/v2\/users\/1"}],"replies":[{"embeddable":true,"href":"https:\/\/frelonix.fr\/index.php\/wp-json\/wp\/v2\/comments?post=185"}],"version-history":[{"count":4,"href":"https:\/\/frelonix.fr\/index.php\/wp-json\/wp\/v2\/pages\/185\/revisions"}],"predecessor-version":[{"id":247,"href":"https:\/\/frelonix.fr\/index.php\/wp-json\/wp\/v2\/pages\/185\/revisions\/247"}],"wp:attachment":[{"href":"https:\/\/frelonix.fr\/index.php\/wp-json\/wp\/v2\/media?parent=185"}],"curies":[{"name":"wp","href":"https:\/\/api.w.org\/{rel}","templated":true}]}}