{"id":158,"date":"2026-02-27T14:37:04","date_gmt":"2026-02-27T14:37:04","guid":{"rendered":"https:\/\/frelonix.fr\/?page_id=158"},"modified":"2026-03-23T14:28:06","modified_gmt":"2026-03-23T14:28:06","slug":"chenilles-processionnaires","status":"publish","type":"page","link":"https:\/\/frelonix.fr\/index.php\/chenilles-processionnaires\/","title":{"rendered":"Chenilles processionnaires"},"content":{"rendered":"\n<figure class=\"wp-block-gallery has-nested-images columns-default is-cropped wp-block-gallery-1 is-layout-flex wp-block-gallery-is-layout-flex\">\n<figure class=\"wp-block-image size-full\"><img loading=\"lazy\" decoding=\"async\" width=\"887\" height=\"665\" data-id=\"170\" src=\"https:\/\/frelonix.fr\/wp-content\/uploads\/2026\/02\/chenille4-edited.jpg\" alt=\"\" class=\"wp-image-170\" srcset=\"https:\/\/frelonix.fr\/wp-content\/uploads\/2026\/02\/chenille4-edited.jpg 887w, https:\/\/frelonix.fr\/wp-content\/uploads\/2026\/02\/chenille4-edited-300x225.jpg 300w\" sizes=\"auto, (max-width: 887px) 100vw, 887px\" \/><\/figure>\n\n\n\n<figure class=\"wp-block-image size-full\"><img loading=\"lazy\" decoding=\"async\" width=\"853\" height=\"640\" data-id=\"169\" src=\"https:\/\/frelonix.fr\/wp-content\/uploads\/2026\/02\/leo_65-pine-processionary-moth-4702354_1280-edited-2.jpg\" alt=\"nid chenilles processionnaires\" class=\"wp-image-169\" srcset=\"https:\/\/frelonix.fr\/wp-content\/uploads\/2026\/02\/leo_65-pine-processionary-moth-4702354_1280-edited-2.jpg 853w, https:\/\/frelonix.fr\/wp-content\/uploads\/2026\/02\/leo_65-pine-processionary-moth-4702354_1280-edited-2-300x225.jpg 300w\" sizes=\"auto, (max-width: 853px) 100vw, 853px\" \/><\/figure>\n<\/figure>\n\n\n\n<h1 class=\"wp-block-heading\">Traitement des chenilles processionnaires en Seine-et-Marne<\/h1>\n\n\n\n<p>Les <a href=\"https:\/\/fr.wikipedia.org\/wiki\/Processionnaire_du_pin\" target=\"_blank\" rel=\"noreferrer noopener\">chenilles processionnaires<\/a> sont pr\u00e9sentes en Seine-et-Marne et repr\u00e9sentent <strong>un risque pour la sant\u00e9 humaine, les animaux domestiques et la v\u00e9g\u00e9tation.<\/strong> Leurs poils urticants peuvent provoquer des r\u00e9actions cutan\u00e9es, respiratoires ou oculaires, ce qui n\u00e9cessite une vigilance particuli\u00e8re d\u00e8s l\u2019apparition des premiers nids. Pour en savoir plus sur les pr\u00e9cautions \u00e0 prendre, consultez les recommandations de <a href=\"https:\/\/www.iledefrance.ars.sante.fr\/processionnaires-du-pin-et-du-chene-des-chenilles-urticantes\" target=\"_blank\" rel=\"noreferrer noopener\">l\u2019ARS \u00cele-de-France<\/a>.<\/p>\n\n\n\n<p><strong>Une intervention professionnelle <\/strong>permet de limiter leur propagation et de s\u00e9curiser durablement les espaces ext\u00e9rieurs. <\/p>\n\n\n\n<p>Frelonix intervient pour le traitement des chenilles processionnaires aupr\u00e8s des particuliers, des entreprises et des collectivit\u00e9s sur l\u2019ensemble de la Seine-et-Marne et de ses d\u00e9partements limitrophes.<\/p>\n\n\n\n<p>Les chenilles processionnaires tirent leur nom de leur d\u00e9placement en file indienne, formant une procession caract\u00e9ristique au sol. Elles se d\u00e9veloppent principalement dans les pins et les ch\u00eanes et apparaissent g\u00e9n\u00e9ralement entre l\u2019hiver et le printemps. La pr\u00e9sence de nids soyeux dans les arbres est souvent le premier signe d\u2019infestation.<\/p>\n\n\n\n<h2 class=\"wp-block-heading\">Notre mission<\/h2>\n\n\n\n<p>La mise en place d\u2019<strong>\u00e9copi\u00e8ges<\/strong> demande une pr\u00e9paration rigoureuse afin d\u2019assurer une capture efficace et sans dispersion.<\/p>\n\n\n\n<div class=\"wp-block-columns is-layout-flex wp-container-core-columns-is-layout-28f84493 wp-block-columns-is-layout-flex\">\n<div class=\"wp-block-column is-vertically-aligned-center is-layout-flow wp-block-column-is-layout-flow\">\n<h2 class=\"wp-block-heading\">Notre m\u00e9thode d\u2019intervention<\/h2>\n\n\n\n<p>\u2022 pr\u00e9paration de la zone d\u2019intervention<br>\u2022 installation et ajustement du dispositif<br>\u2022 contr\u00f4le de l\u2019\u00e9tanch\u00e9it\u00e9 du pi\u00e8ge pour garantir son efficacit\u00e9<\/p>\n\n\n\n<p>Cette m\u00e9thode permet de limiter la propagation des chenilles tout en prot\u00e9geant les arbres.<\/p>\n<\/div>\n\n\n\n<div class=\"wp-block-column is-layout-flow wp-block-column-is-layout-flow\">\n<figure class=\"wp-block-gallery has-nested-images columns-default is-cropped wp-block-gallery-2 is-layout-flex wp-block-gallery-is-layout-flex\">\n<figure class=\"wp-block-image size-full\"><img loading=\"lazy\" decoding=\"async\" width=\"946\" height=\"532\" data-id=\"171\" src=\"https:\/\/frelonix.fr\/wp-content\/uploads\/2026\/02\/chenille3-edited.jpg\" alt=\"\" class=\"wp-image-171\" srcset=\"https:\/\/frelonix.fr\/wp-content\/uploads\/2026\/02\/chenille3-edited.jpg 946w, https:\/\/frelonix.fr\/wp-content\/uploads\/2026\/02\/chenille3-edited-300x169.jpg 300w\" sizes=\"auto, (max-width: 946px) 100vw, 946px\" \/><\/figure>\n<\/figure>\n<\/div>\n<\/div>\n\n\n\n<h2 class=\"wp-block-heading\">Quand faut-il intervenir<\/h2>\n\n\n\n<p>Nos interventions visent \u00e0 couvrir la p\u00e9riode \u00e0 risque la plus large possible selon les conditions climatiques.<\/p>\n\n\n\n<p>De mani\u00e8re g\u00e9n\u00e9rale :<br>\u2022 installation possible d\u2019octobre \u00e0 mai<br>\u2022 p\u00e9riode la plus active : de fin janvier \u00e0 mars, lors de la descente des chenilles.<\/p>\n\n\n\n<p>Une intervention anticip\u00e9e permet de r\u00e9duire fortement les risques sanitaires.<\/p>\n\n\n\n<hr class=\"wp-block-separator has-alpha-channel-opacity is-style-wide\"\/>\n\n\n\n<div class=\"wp-block-columns is-layout-flex wp-container-core-columns-is-layout-28f84493 wp-block-columns-is-layout-flex\">\n<div class=\"wp-block-column is-layout-flow wp-block-column-is-layout-flow\">\n<h2 class=\"wp-block-heading\">Tarification<\/h2>\n\n\n\n<p>Le tarif d\u00e9pend du diam\u00e8tre du tronc et du nombre d\u2019arbres \u00e0 \u00e9quiper.<\/p>\n\n\n\n<p>Forfait incluant :<\/p>\n\n\n\n<p>\u2022 fourniture et installation du pi\u00e8ge<br>\u2022 contr\u00f4le et r\u00e9ajustement pour la saison suivante<br>\u2022 enl\u00e8vement des sacs collecteurs<\/p>\n<\/div>\n\n\n\n<div class=\"wp-block-column is-layout-flow wp-block-column-is-layout-flow\">\n<figure class=\"wp-block-image aligncenter size-full is-resized\"><img loading=\"lazy\" decoding=\"async\" width=\"956\" height=\"538\" src=\"https:\/\/frelonix.fr\/wp-content\/uploads\/2026\/02\/piege-edited.jpg\" alt=\"\" class=\"wp-image-176\" style=\"aspect-ratio:1.4333522112958863;width:377px;height:auto\" srcset=\"https:\/\/frelonix.fr\/wp-content\/uploads\/2026\/02\/piege-edited.jpg 956w, https:\/\/frelonix.fr\/wp-content\/uploads\/2026\/02\/piege-edited-300x169.jpg 300w\" sizes=\"auto, (max-width: 956px) 100vw, 956px\" \/><\/figure>\n<\/div>\n<\/div>\n\n\n\n<p><strong>Les \u00e9copi\u00e8ges ont une dur\u00e9e de vie moyenne d\u2019environ deux ans <\/strong>et n\u00e9cessitent une v\u00e9rification annuelle.<\/p>\n\n\n\n<div class=\"wp-block-columns is-layout-flex wp-container-core-columns-is-layout-28f84493 wp-block-columns-is-layout-flex\">\n<div class=\"wp-block-column is-layout-flow wp-block-column-is-layout-flow\">\n<figure class=\"wp-block-image aligncenter size-large is-resized\"><img loading=\"lazy\" decoding=\"async\" width=\"1536\" height=\"864\" src=\"https:\/\/frelonix.fr\/wp-content\/uploads\/2026\/02\/chenille_dessin-edited-1.jpg\" alt=\"\" class=\"wp-image-178\" style=\"aspect-ratio:1.4993581514762515;width:266px;height:auto\" srcset=\"https:\/\/frelonix.fr\/wp-content\/uploads\/2026\/02\/chenille_dessin-edited-1.jpg 1536w, https:\/\/frelonix.fr\/wp-content\/uploads\/2026\/02\/chenille_dessin-edited-1-300x169.jpg 300w, https:\/\/frelonix.fr\/wp-content\/uploads\/2026\/02\/chenille_dessin-edited-1-1024x576.jpg 1024w\" sizes=\"auto, (max-width: 1536px) 100vw, 1536px\" \/><\/figure>\n\n\n\n<h3 class=\"wp-block-heading has-text-align-center\">\u00c0 partir de 85 \u20ac<\/h3>\n<\/div>\n<\/div>\n\n\n\n<p class=\"has-text-align-center\"><em>Un devis clair est syst\u00e9matiquement \u00e9tabli avant intervention.<\/em><\/p>\n\n\n\n<hr class=\"wp-block-separator has-alpha-channel-opacity is-style-wide\"\/>\n\n\n\n<div class=\"wp-block-columns is-layout-flex wp-container-core-columns-is-layout-28f84493 wp-block-columns-is-layout-flex\">\n<div class=\"wp-block-column is-layout-flow wp-block-column-is-layout-flow\">\n<h2 class=\"wp-block-heading\">Zone d\u2019intervention<\/h2>\n\n\n\n<p>Nous intervenons en Seine-et-Marne (77) et dans les d\u00e9partements limitrophes pour les particuliers, entreprises, syndics et collectivit\u00e9s.<\/p>\n<\/div>\n<\/div>\n","protected":false},"excerpt":{"rendered":"<p>Traitement des chenilles processionnaires en Seine-et-Marne Les chenilles processionnaires sont pr\u00e9sentes en Seine-et-Marne et repr\u00e9sentent un risque pour la sant\u00e9 humaine, les animaux domestiques et la v\u00e9g\u00e9tation. Leurs poils urticants peuvent provoquer des r\u00e9actions cutan\u00e9es, respiratoires ou oculaires, ce qui n\u00e9cessite une vigilance particuli\u00e8re d\u00e8s l\u2019apparition des premiers nids. Pour en savoir plus sur les &hellip; <\/p>\n<p class=\"link-more\"><a href=\"https:\/\/frelonix.fr\/index.php\/chenilles-processionnaires\/\" class=\"more-link\">Lire la suite de<span class=\"screen-reader-text\">\u00ab\u00a0Chenilles processionnaires\u00a0\u00bb<\/span><\/a><\/p>\n","protected":false},"author":1,"featured_media":0,"parent":0,"menu_order":0,"comment_status":"closed","ping_status":"closed","template":"","meta":{"inspiro_hide_title":false,"footnotes":""},"class_list":["post-158","page","type-page","status-publish","hentry"],"yoast_head":"<!-- This site is optimized with the Yoast SEO plugin v27.3 - https:\/\/yoast.com\/product\/yoast-seo-wordpress\/ -->\n<title>Chenilles processionnaires : traitement et intervention 77<\/title>\n<meta name=\"description\" content=\"Chenilles processionnaires 77 : risques pour la sant\u00e9, identification et traitement en Seine-et-Marne. Intervention rapide et s\u00e9curis\u00e9e.\" \/>\n<meta name=\"robots\" content=\"index, follow, max-snippet:-1, max-image-preview:large, max-video-preview:-1\" \/>\n<link rel=\"canonical\" href=\"https:\/\/frelonix.fr\/index.php\/chenilles-processionnaires\/\" \/>\n<meta property=\"og:locale\" content=\"fr_FR\" \/>\n<meta property=\"og:type\" content=\"article\" \/>\n<meta property=\"og:title\" content=\"Chenilles processionnaires : traitement et intervention 77\" \/>\n<meta property=\"og:description\" content=\"Chenilles processionnaires 77 : risques pour la sant\u00e9, identification et traitement en Seine-et-Marne. Intervention rapide et s\u00e9curis\u00e9e.\" \/>\n<meta property=\"og:url\" content=\"https:\/\/frelonix.fr\/index.php\/chenilles-processionnaires\/\" \/>\n<meta property=\"og:site_name\" content=\"frelonix.fr\" \/>\n<meta property=\"article:publisher\" content=\"https:\/\/www.facebook.com\/profile.php?id=61580844692906\" \/>\n<meta property=\"article:modified_time\" content=\"2026-03-23T14:28:06+00:00\" \/>\n<meta property=\"og:image\" content=\"https:\/\/frelonix.fr\/wp-content\/uploads\/2026\/02\/chenille4-edited.jpg\" \/>\n\t<meta property=\"og:image:width\" content=\"887\" \/>\n\t<meta property=\"og:image:height\" content=\"665\" \/>\n\t<meta property=\"og:image:type\" content=\"image\/jpeg\" \/>\n<meta name=\"twitter:card\" content=\"summary_large_image\" \/>\n<meta name=\"twitter:label1\" content=\"Dur\u00e9e de lecture estim\u00e9e\" \/>\n\t<meta name=\"twitter:data1\" content=\"3 minutes\" \/>\n<script type=\"application\/ld+json\" class=\"yoast-schema-graph\">{\"@context\":\"https:\\\/\\\/schema.org\",\"@graph\":[{\"@type\":\"WebPage\",\"@id\":\"https:\\\/\\\/frelonix.fr\\\/index.php\\\/chenilles-processionnaires\\\/\",\"url\":\"https:\\\/\\\/frelonix.fr\\\/index.php\\\/chenilles-processionnaires\\\/\",\"name\":\"Chenilles processionnaires : traitement et intervention 77\",\"isPartOf\":{\"@id\":\"https:\\\/\\\/frelonix.fr\\\/#website\"},\"primaryImageOfPage\":{\"@id\":\"https:\\\/\\\/frelonix.fr\\\/index.php\\\/chenilles-processionnaires\\\/#primaryimage\"},\"image\":{\"@id\":\"https:\\\/\\\/frelonix.fr\\\/index.php\\\/chenilles-processionnaires\\\/#primaryimage\"},\"thumbnailUrl\":\"https:\\\/\\\/frelonix.fr\\\/wp-content\\\/uploads\\\/2026\\\/02\\\/chenille4-edited.jpg\",\"datePublished\":\"2026-02-27T14:37:04+00:00\",\"dateModified\":\"2026-03-23T14:28:06+00:00\",\"description\":\"Chenilles processionnaires 77 : risques pour la sant\u00e9, identification et traitement en Seine-et-Marne. Intervention rapide et s\u00e9curis\u00e9e.\",\"breadcrumb\":{\"@id\":\"https:\\\/\\\/frelonix.fr\\\/index.php\\\/chenilles-processionnaires\\\/#breadcrumb\"},\"inLanguage\":\"fr-FR\",\"potentialAction\":[{\"@type\":\"ReadAction\",\"target\":[\"https:\\\/\\\/frelonix.fr\\\/index.php\\\/chenilles-processionnaires\\\/\"]}]},{\"@type\":\"ImageObject\",\"inLanguage\":\"fr-FR\",\"@id\":\"https:\\\/\\\/frelonix.fr\\\/index.php\\\/chenilles-processionnaires\\\/#primaryimage\",\"url\":\"https:\\\/\\\/frelonix.fr\\\/wp-content\\\/uploads\\\/2026\\\/02\\\/chenille4-edited.jpg\",\"contentUrl\":\"https:\\\/\\\/frelonix.fr\\\/wp-content\\\/uploads\\\/2026\\\/02\\\/chenille4-edited.jpg\",\"width\":887,\"height\":665},{\"@type\":\"BreadcrumbList\",\"@id\":\"https:\\\/\\\/frelonix.fr\\\/index.php\\\/chenilles-processionnaires\\\/#breadcrumb\",\"itemListElement\":[{\"@type\":\"ListItem\",\"position\":1,\"name\":\"Accueil\",\"item\":\"https:\\\/\\\/frelonix.fr\\\/\"},{\"@type\":\"ListItem\",\"position\":2,\"name\":\"Chenilles processionnaires\"}]},{\"@type\":\"WebSite\",\"@id\":\"https:\\\/\\\/frelonix.fr\\\/#website\",\"url\":\"https:\\\/\\\/frelonix.fr\\\/\",\"name\":\"frelonix.fr\",\"description\":\"La solution qui fait mouche\",\"publisher\":{\"@id\":\"https:\\\/\\\/frelonix.fr\\\/#organization\"},\"potentialAction\":[{\"@type\":\"SearchAction\",\"target\":{\"@type\":\"EntryPoint\",\"urlTemplate\":\"https:\\\/\\\/frelonix.fr\\\/?s={search_term_string}\"},\"query-input\":{\"@type\":\"PropertyValueSpecification\",\"valueRequired\":true,\"valueName\":\"search_term_string\"}}],\"inLanguage\":\"fr-FR\"},{\"@type\":\"Organization\",\"@id\":\"https:\\\/\\\/frelonix.fr\\\/#organization\",\"name\":\"frelonix.fr\",\"url\":\"https:\\\/\\\/frelonix.fr\\\/\",\"logo\":{\"@type\":\"ImageObject\",\"inLanguage\":\"fr-FR\",\"@id\":\"https:\\\/\\\/frelonix.fr\\\/#\\\/schema\\\/logo\\\/image\\\/\",\"url\":\"https:\\\/\\\/frelonix.fr\\\/wp-content\\\/uploads\\\/2026\\\/02\\\/cropped-cropped-Frelonix_lettrage_detoure-scaled-1.png\",\"contentUrl\":\"https:\\\/\\\/frelonix.fr\\\/wp-content\\\/uploads\\\/2026\\\/02\\\/cropped-cropped-Frelonix_lettrage_detoure-scaled-1.png\",\"width\":2558,\"height\":836,\"caption\":\"frelonix.fr\"},\"image\":{\"@id\":\"https:\\\/\\\/frelonix.fr\\\/#\\\/schema\\\/logo\\\/image\\\/\"},\"sameAs\":[\"https:\\\/\\\/www.facebook.com\\\/profile.php?id=61580844692906\"]}]}<\/script>\n<!-- \/ Yoast SEO plugin. -->","yoast_head_json":{"title":"Chenilles processionnaires : traitement et intervention 77","description":"Chenilles processionnaires 77 : risques pour la sant\u00e9, identification et traitement en Seine-et-Marne. Intervention rapide et s\u00e9curis\u00e9e.","robots":{"index":"index","follow":"follow","max-snippet":"max-snippet:-1","max-image-preview":"max-image-preview:large","max-video-preview":"max-video-preview:-1"},"canonical":"https:\/\/frelonix.fr\/index.php\/chenilles-processionnaires\/","og_locale":"fr_FR","og_type":"article","og_title":"Chenilles processionnaires : traitement et intervention 77","og_description":"Chenilles processionnaires 77 : risques pour la sant\u00e9, identification et traitement en Seine-et-Marne. Intervention rapide et s\u00e9curis\u00e9e.","og_url":"https:\/\/frelonix.fr\/index.php\/chenilles-processionnaires\/","og_site_name":"frelonix.fr","article_publisher":"https:\/\/www.facebook.com\/profile.php?id=61580844692906","article_modified_time":"2026-03-23T14:28:06+00:00","og_image":[{"width":887,"height":665,"url":"https:\/\/frelonix.fr\/wp-content\/uploads\/2026\/02\/chenille4-edited.jpg","type":"image\/jpeg"}],"twitter_card":"summary_large_image","twitter_misc":{"Dur\u00e9e de lecture estim\u00e9e":"3 minutes"},"schema":{"@context":"https:\/\/schema.org","@graph":[{"@type":"WebPage","@id":"https:\/\/frelonix.fr\/index.php\/chenilles-processionnaires\/","url":"https:\/\/frelonix.fr\/index.php\/chenilles-processionnaires\/","name":"Chenilles processionnaires : traitement et intervention 77","isPartOf":{"@id":"https:\/\/frelonix.fr\/#website"},"primaryImageOfPage":{"@id":"https:\/\/frelonix.fr\/index.php\/chenilles-processionnaires\/#primaryimage"},"image":{"@id":"https:\/\/frelonix.fr\/index.php\/chenilles-processionnaires\/#primaryimage"},"thumbnailUrl":"https:\/\/frelonix.fr\/wp-content\/uploads\/2026\/02\/chenille4-edited.jpg","datePublished":"2026-02-27T14:37:04+00:00","dateModified":"2026-03-23T14:28:06+00:00","description":"Chenilles processionnaires 77 : risques pour la sant\u00e9, identification et traitement en Seine-et-Marne. Intervention rapide et s\u00e9curis\u00e9e.","breadcrumb":{"@id":"https:\/\/frelonix.fr\/index.php\/chenilles-processionnaires\/#breadcrumb"},"inLanguage":"fr-FR","potentialAction":[{"@type":"ReadAction","target":["https:\/\/frelonix.fr\/index.php\/chenilles-processionnaires\/"]}]},{"@type":"ImageObject","inLanguage":"fr-FR","@id":"https:\/\/frelonix.fr\/index.php\/chenilles-processionnaires\/#primaryimage","url":"https:\/\/frelonix.fr\/wp-content\/uploads\/2026\/02\/chenille4-edited.jpg","contentUrl":"https:\/\/frelonix.fr\/wp-content\/uploads\/2026\/02\/chenille4-edited.jpg","width":887,"height":665},{"@type":"BreadcrumbList","@id":"https:\/\/frelonix.fr\/index.php\/chenilles-processionnaires\/#breadcrumb","itemListElement":[{"@type":"ListItem","position":1,"name":"Accueil","item":"https:\/\/frelonix.fr\/"},{"@type":"ListItem","position":2,"name":"Chenilles processionnaires"}]},{"@type":"WebSite","@id":"https:\/\/frelonix.fr\/#website","url":"https:\/\/frelonix.fr\/","name":"frelonix.fr","description":"La solution qui fait mouche","publisher":{"@id":"https:\/\/frelonix.fr\/#organization"},"potentialAction":[{"@type":"SearchAction","target":{"@type":"EntryPoint","urlTemplate":"https:\/\/frelonix.fr\/?s={search_term_string}"},"query-input":{"@type":"PropertyValueSpecification","valueRequired":true,"valueName":"search_term_string"}}],"inLanguage":"fr-FR"},{"@type":"Organization","@id":"https:\/\/frelonix.fr\/#organization","name":"frelonix.fr","url":"https:\/\/frelonix.fr\/","logo":{"@type":"ImageObject","inLanguage":"fr-FR","@id":"https:\/\/frelonix.fr\/#\/schema\/logo\/image\/","url":"https:\/\/frelonix.fr\/wp-content\/uploads\/2026\/02\/cropped-cropped-Frelonix_lettrage_detoure-scaled-1.png","contentUrl":"https:\/\/frelonix.fr\/wp-content\/uploads\/2026\/02\/cropped-cropped-Frelonix_lettrage_detoure-scaled-1.png","width":2558,"height":836,"caption":"frelonix.fr"},"image":{"@id":"https:\/\/frelonix.fr\/#\/schema\/logo\/image\/"},"sameAs":["https:\/\/www.facebook.com\/profile.php?id=61580844692906"]}]}},"_links":{"self":[{"href":"https:\/\/frelonix.fr\/index.php\/wp-json\/wp\/v2\/pages\/158","targetHints":{"allow":["GET"]}}],"collection":[{"href":"https:\/\/frelonix.fr\/index.php\/wp-json\/wp\/v2\/pages"}],"about":[{"href":"https:\/\/frelonix.fr\/index.php\/wp-json\/wp\/v2\/types\/page"}],"author":[{"embeddable":true,"href":"https:\/\/frelonix.fr\/index.php\/wp-json\/wp\/v2\/users\/1"}],"replies":[{"embeddable":true,"href":"https:\/\/frelonix.fr\/index.php\/wp-json\/wp\/v2\/comments?post=158"}],"version-history":[{"count":11,"href":"https:\/\/frelonix.fr\/index.php\/wp-json\/wp\/v2\/pages\/158\/revisions"}],"predecessor-version":[{"id":256,"href":"https:\/\/frelonix.fr\/index.php\/wp-json\/wp\/v2\/pages\/158\/revisions\/256"}],"wp:attachment":[{"href":"https:\/\/frelonix.fr\/index.php\/wp-json\/wp\/v2\/media?parent=158"}],"curies":[{"name":"wp","href":"https:\/\/api.w.org\/{rel}","templated":true}]}}